{"id":45270,"date":"2023-07-30T16:48:58","date_gmt":"2023-07-30T09:48:58","guid":{"rendered":"https:\/\/vhost.vn\/?page_id=45270"},"modified":"2024-04-08T16:17:53","modified_gmt":"2024-04-08T09:17:53","slug":"email-archiving","status":"publish","type":"page","link":"https:\/\/vhost.vn\/en\/email-archiving\/","title":{"rendered":"Email Archiving"},"content":{"rendered":"\t\t<div data-elementor-type=\"wp-page\" data-elementor-id=\"45270\" class=\"elementor elementor-45270 elementor-42989\">\n\t\t\t\t\t\t<section class=\"elementor-section elementor-top-section elementor-element elementor-element-bebd8b9 elementor-section-boxed elementor-section-height-default elementor-section-height-default\" data-id=\"bebd8b9\" data-element_type=\"section\" data-e-type=\"section\">\n\t\t\t\t\t\t<div class=\"elementor-container elementor-column-gap-default\">\n\t\t\t\t\t<div class=\"elementor-column elementor-col-100 elementor-top-column elementor-element elementor-element-76a0d63\" data-id=\"76a0d63\" data-element_type=\"column\" data-e-type=\"column\">\n\t\t\t<div class=\"elementor-widget-wrap elementor-element-populated\">\n\t\t\t\t\t\t<div class=\"elementor-element elementor-element-82b1b3b elementor-widget elementor-widget-heading\" data-id=\"82b1b3b\" data-element_type=\"widget\" data-e-type=\"widget\" data-widget_type=\"heading.default\">\n\t\t\t\t\t\t<div class=\"elementor-widget-container\">\n\t\t\t\t\t<h2 class=\"elementor-heading-title elementor-size-default\">Email Archiving<\/h2>\t\t\t\t<\/div>\n\t\t\t\t<\/div>\n\t\t\t\t<div class=\"elementor-element elementor-element-8ed3d44 elementor-widget elementor-widget-text-editor\" data-id=\"8ed3d44\" data-element_type=\"widget\" data-e-type=\"widget\" data-widget_type=\"text-editor.default\">\n\t\t\t\t\t\t<div class=\"elementor-widget-container\">\n\t\t\t\t\t\t\t\t\t<p>Email Archiving l\u00e0 gi\u1ea3i ph\u00e1p \u0111\u01b0\u1ee3c vHost nghi\u00ean c\u1ee9u v\u00e0 cung c\u1ea5p nh\u1eb1m h\u1ed7 tr\u1ee3 li\u00ean quan \u0111\u1ebfn v\u1ea5n \u0111\u1ec1 ph\u00e1p l\u00fd c\u1ee7a doanh nghi\u1ec7p.<\/p><p>Email Archiving gi\u00fap doanh nghi\u1ec7p c\u00f3 th\u1ec3 l\u01b0u tr\u1eef v\u00e0 nhanh ch\u00f3ng t\u00ecm ki\u1ebfm t\u1ea5t c\u1ea3 c\u00e1c email \u0111\u01b0\u1ee3c g\u1eedi v\u00e0o v\u00e0 ra b\u1edfi t\u1ea5t c\u1ea3 ho\u1eb7c b\u1ea5t k\u00ec nh\u00e2n s\u1ef1 n\u00e0o c\u1ee7a c\u00f4ng ty t\u1ea1i b\u1ea5t k\u00ec th\u1eddi \u0111i\u1ec3m n\u00e0o. To\u00e0n b\u1ed9 h\u1ec7 th\u1ed1ng Email Archiving s\u1ebd \u0111\u01b0\u1ee3c l\u01b0u tr\u1eef t\u1ea1i trung t\u00e2m d\u1eef li\u1ec7u \u0111\u1ea1t ti\u00eau chu\u1ea9n Tier 3 v\u1edbi ti\u00eau chu\u1ea9n truy c\u1eadp kh\u00e9p k\u00edn t\u1eeb v\u1eadt l\u00fd cho \u0111\u1ebfn online.<\/p><p>Email Archiving l\u00e0 qu\u00e1 tr\u00ecnh ho\u00e0n to\u00e0n t\u1ef1 \u0111\u1ed9ng ch\u1ee5p v\u00e0 l\u01b0u tr\u1eef to\u00e0n b\u1ed9 email, bao g\u1ed3m c\u1ea3 file \u0111\u00ednh k\u00e8m \u0111\u1ec3 ph\u1ee5c v\u1ee5 cho m\u1ee5c \u0111\u00edch tra c\u1ee9u v\u00e0 h\u1ed7 tr\u1ee3 c\u00e1c v\u1ea5n \u0111\u1ec1 ph\u00e1p l\u00fd b\u1ea5t k\u00ec l\u00fac n\u00e0o.<\/p><p>B\u00ean c\u1ea1nh vi\u1ec7c h\u1ed7 tr\u1ee3 c\u00e1c v\u1ea5n \u0111\u1ec1 ph\u00e1p l\u00fd, Email Archiving c\u00f2n \u0111\u01b0\u1ee3c xem l\u00e0 gi\u1ea3i ph\u00e1p backup trong tr\u01b0\u1eddng h\u1ee3p l\u1ee1 x\u00f3a nh\u1ea7m email tr\u00ean server ch\u00ednh ho\u1eb7c email tr\u00ean server ch\u00ednh kh\u00f4ng th\u1ec3 truy c\u1eadp t\u1ea1i m\u1ed9t th\u1eddi \u0111i\u1ec3m nh\u1ea5t \u0111\u1ecbnh. Qu\u00fd kh\u00e1ch v\u1eabn c\u00f3 th\u1ec3 truy c\u1eadp th\u00f4ng qua h\u1ec7 th\u1ed1ng h\u1ec7 th\u1ed1ng Email Archiving t\u1ea1i vHost.<\/p>\t\t\t\t\t\t\t\t<\/div>\n\t\t\t\t<\/div>\n\t\t\t\t\t<\/div>\n\t\t<\/div>\n\t\t\t\t\t<\/div>\n\t\t<\/section>\n\t\t\t\t<section class=\"elementor-section elementor-top-section elementor-element elementor-element-d736f53 elementor-section-boxed elementor-section-height-default elementor-section-height-default\" data-id=\"d736f53\" data-element_type=\"section\" data-e-type=\"section\">\n\t\t\t\t\t\t<div class=\"elementor-container elementor-column-gap-default\">\n\t\t\t\t\t<div class=\"elementor-column elementor-col-100 elementor-top-column elementor-element elementor-element-f2e9e8e\" data-id=\"f2e9e8e\" data-element_type=\"column\" data-e-type=\"column\">\n\t\t\t<div class=\"elementor-widget-wrap elementor-element-populated\">\n\t\t\t\t\t\t<div class=\"elementor-element elementor-element-76a0c18 elementor-widget elementor-widget-heading\" data-id=\"76a0c18\" data-element_type=\"widget\" data-e-type=\"widget\" data-widget_type=\"heading.default\">\n\t\t\t\t\t\t<div class=\"elementor-widget-container\">\n\t\t\t\t\t<h2 class=\"elementor-heading-title elementor-size-default\">T\u1ea1i sao n\u00ean s\u1eed d\u1ee5ng d\u1ecbch v\u1ee5 Email Archiving t\u1ea1i vHost<\/h2>\t\t\t\t<\/div>\n\t\t\t\t<\/div>\n\t\t\t\t\t<\/div>\n\t\t<\/div>\n\t\t\t\t\t<\/div>\n\t\t<\/section>\n\t\t\t\t<section class=\"elementor-section elementor-top-section elementor-element elementor-element-b334a9d elementor-section-boxed elementor-section-height-default elementor-section-height-default\" data-id=\"b334a9d\" data-element_type=\"section\" data-e-type=\"section\">\n\t\t\t\t\t\t<div class=\"elementor-container elementor-column-gap-default\">\n\t\t\t\t\t<div class=\"elementor-column elementor-col-25 elementor-top-column elementor-element elementor-element-0d65e4d\" data-id=\"0d65e4d\" data-element_type=\"column\" data-e-type=\"column\">\n\t\t\t<div class=\"elementor-widget-wrap elementor-element-populated\">\n\t\t\t\t\t\t<div class=\"elementor-element elementor-element-b333772 elementor-view-default elementor-position-block-start elementor-mobile-position-block-start elementor-widget elementor-widget-icon-box\" data-id=\"b333772\" data-element_type=\"widget\" data-e-type=\"widget\" data-widget_type=\"icon-box.default\">\n\t\t\t\t\t\t<div class=\"elementor-widget-container\">\n\t\t\t\t\t\t\t<div class=\"elementor-icon-box-wrapper\">\n\n\t\t\t\t\t\t<div class=\"elementor-icon-box-icon\">\n\t\t\t\t<span  class=\"elementor-icon\">\n\t\t\t\t<i aria-hidden=\"true\" class=\"far fa-copy\"><\/i>\t\t\t\t<\/span>\n\t\t\t<\/div>\n\t\t\t\n\t\t\t\t\t\t<div class=\"elementor-icon-box-content\">\n\n\t\t\t\t\t\t\t\t\t<h3 class=\"elementor-icon-box-title\">\n\t\t\t\t\t\t<span  >\n\t\t\t\t\t\t\tData Preservation\t\t\t\t\t\t<\/span>\n\t\t\t\t\t<\/h3>\n\t\t\t\t\n\t\t\t\t\t\t\t\t\t<p class=\"elementor-icon-box-description\">\n\t\t\t\t\t\t\u0110\u1ea3m b\u1ea3o d\u1eef li\u1ec7u c\u1ee7a email \u0111\u01b0\u1ee3c to\u00e0n v\u1eb9n v\u00e0 kh\u00f4ng b\u1ecb ch\u1ec9nh s\u1eeda\t\t\t\t\t<\/p>\n\t\t\t\t\n\t\t\t<\/div>\n\t\t\t\n\t\t<\/div>\n\t\t\t\t\t\t<\/div>\n\t\t\t\t<\/div>\n\t\t\t\t\t<\/div>\n\t\t<\/div>\n\t\t\t\t<div class=\"elementor-column elementor-col-25 elementor-top-column elementor-element elementor-element-1eb3295\" data-id=\"1eb3295\" data-element_type=\"column\" data-e-type=\"column\">\n\t\t\t<div class=\"elementor-widget-wrap elementor-element-populated\">\n\t\t\t\t\t\t<div class=\"elementor-element elementor-element-b7f849a elementor-view-default elementor-position-block-start elementor-mobile-position-block-start elementor-widget elementor-widget-icon-box\" data-id=\"b7f849a\" data-element_type=\"widget\" data-e-type=\"widget\" data-widget_type=\"icon-box.default\">\n\t\t\t\t\t\t<div class=\"elementor-widget-container\">\n\t\t\t\t\t\t\t<div class=\"elementor-icon-box-wrapper\">\n\n\t\t\t\t\t\t<div class=\"elementor-icon-box-icon\">\n\t\t\t\t<span  class=\"elementor-icon\">\n\t\t\t\t<i aria-hidden=\"true\" class=\"far fa-building\"><\/i>\t\t\t\t<\/span>\n\t\t\t<\/div>\n\t\t\t\n\t\t\t\t\t\t<div class=\"elementor-icon-box-content\">\n\n\t\t\t\t\t\t\t\t\t<h3 class=\"elementor-icon-box-title\">\n\t\t\t\t\t\t<span  >\n\t\t\t\t\t\t\tLegal Discovery\t\t\t\t\t\t<\/span>\n\t\t\t\t\t<\/h3>\n\t\t\t\t\n\t\t\t\t\t\t\t\t\t<p class=\"elementor-icon-box-description\">\n\t\t\t\t\t\tH\u1ed7 tr\u1ee3 ph\u1ee5c v\u1ee5 cho c\u00e1c v\u1ea5n \u0111\u1ec1 ph\u00e1p l\u00fd c\u1ee7a doanh nghi\u1ec7p\t\t\t\t\t<\/p>\n\t\t\t\t\n\t\t\t<\/div>\n\t\t\t\n\t\t<\/div>\n\t\t\t\t\t\t<\/div>\n\t\t\t\t<\/div>\n\t\t\t\t\t<\/div>\n\t\t<\/div>\n\t\t\t\t<div class=\"elementor-column elementor-col-25 elementor-top-column elementor-element elementor-element-26ad332\" data-id=\"26ad332\" data-element_type=\"column\" data-e-type=\"column\">\n\t\t\t<div class=\"elementor-widget-wrap elementor-element-populated\">\n\t\t\t\t\t\t<div class=\"elementor-element elementor-element-4104675 elementor-view-default elementor-position-block-start elementor-mobile-position-block-start elementor-widget elementor-widget-icon-box\" data-id=\"4104675\" data-element_type=\"widget\" data-e-type=\"widget\" data-widget_type=\"icon-box.default\">\n\t\t\t\t\t\t<div class=\"elementor-widget-container\">\n\t\t\t\t\t\t\t<div class=\"elementor-icon-box-wrapper\">\n\n\t\t\t\t\t\t<div class=\"elementor-icon-box-icon\">\n\t\t\t\t<span  class=\"elementor-icon\">\n\t\t\t\t<i aria-hidden=\"true\" class=\"fas fa-server\"><\/i>\t\t\t\t<\/span>\n\t\t\t<\/div>\n\t\t\t\n\t\t\t\t\t\t<div class=\"elementor-icon-box-content\">\n\n\t\t\t\t\t\t\t\t\t<h3 class=\"elementor-icon-box-title\">\n\t\t\t\t\t\t<span  >\n\t\t\t\t\t\t\tDisaster Recovery\t\t\t\t\t\t<\/span>\n\t\t\t\t\t<\/h3>\n\t\t\t\t\n\t\t\t\t\t\t\t\t\t<p class=\"elementor-icon-box-description\">\n\t\t\t\t\t\t\u0110\u1ea3m b\u1ea3o email \u0111\u01b0\u1ee3c l\u01b0u tr\u1eef t\u1ea1i m\u1ed9t h\u1ec7 th\u1ed1ng backup ri\u00eang\t\t\t\t\t<\/p>\n\t\t\t\t\n\t\t\t<\/div>\n\t\t\t\n\t\t<\/div>\n\t\t\t\t\t\t<\/div>\n\t\t\t\t<\/div>\n\t\t\t\t\t<\/div>\n\t\t<\/div>\n\t\t\t\t<div class=\"elementor-column elementor-col-25 elementor-top-column elementor-element elementor-element-e1c952b\" data-id=\"e1c952b\" data-element_type=\"column\" data-e-type=\"column\">\n\t\t\t<div class=\"elementor-widget-wrap elementor-element-populated\">\n\t\t\t\t\t\t<div class=\"elementor-element elementor-element-838aa39 elementor-view-default elementor-position-block-start elementor-mobile-position-block-start elementor-widget elementor-widget-icon-box\" data-id=\"838aa39\" data-element_type=\"widget\" data-e-type=\"widget\" data-widget_type=\"icon-box.default\">\n\t\t\t\t\t\t<div class=\"elementor-widget-container\">\n\t\t\t\t\t\t\t<div class=\"elementor-icon-box-wrapper\">\n\n\t\t\t\t\t\t<div class=\"elementor-icon-box-icon\">\n\t\t\t\t<span  class=\"elementor-icon\">\n\t\t\t\t<i aria-hidden=\"true\" class=\"far fa-eye\"><\/i>\t\t\t\t<\/span>\n\t\t\t<\/div>\n\t\t\t\n\t\t\t\t\t\t<div class=\"elementor-icon-box-content\">\n\n\t\t\t\t\t\t\t\t\t<h3 class=\"elementor-icon-box-title\">\n\t\t\t\t\t\t<span  >\n\t\t\t\t\t\t\tMonitoring\t\t\t\t\t\t<\/span>\n\t\t\t\t\t<\/h3>\n\t\t\t\t\n\t\t\t\t\t\t\t\t\t<p class=\"elementor-icon-box-description\">\n\t\t\t\t\t\tKi\u1ec3m so\u00e1t to\u00e0n b\u1ed9 email v\u00e0o v\u00e0 ra c\u1ee7a doanh nghi\u1ec7p\t\t\t\t\t<\/p>\n\t\t\t\t\n\t\t\t<\/div>\n\t\t\t\n\t\t<\/div>\n\t\t\t\t\t\t<\/div>\n\t\t\t\t<\/div>\n\t\t\t\t\t<\/div>\n\t\t<\/div>\n\t\t\t\t\t<\/div>\n\t\t<\/section>\n\t\t\t\t<section class=\"elementor-section elementor-top-section elementor-element elementor-element-adbaf07 elementor-section-boxed elementor-section-height-default elementor-section-height-default\" data-id=\"adbaf07\" data-element_type=\"section\" data-e-type=\"section\">\n\t\t\t\t\t\t<div class=\"elementor-container elementor-column-gap-default\">\n\t\t\t\t\t<div class=\"elementor-column elementor-col-100 elementor-top-column elementor-element elementor-element-b0d5ac2\" data-id=\"b0d5ac2\" data-element_type=\"column\" data-e-type=\"column\">\n\t\t\t<div class=\"elementor-widget-wrap elementor-element-populated\">\n\t\t\t\t\t\t<div class=\"elementor-element elementor-element-9e5d8ac elementor-align-center uael-mbutton-text-center elementor-widget elementor-widget-uael-marketing-button\" data-id=\"9e5d8ac\" data-element_type=\"widget\" data-e-type=\"widget\" data-settings=\"{&quot;icon_size&quot;:{&quot;unit&quot;:&quot;px&quot;,&quot;size&quot;:&quot;&quot;,&quot;sizes&quot;:[]},&quot;icon_size_tablet&quot;:{&quot;unit&quot;:&quot;px&quot;,&quot;size&quot;:&quot;&quot;,&quot;sizes&quot;:[]},&quot;icon_size_mobile&quot;:{&quot;unit&quot;:&quot;px&quot;,&quot;size&quot;:&quot;&quot;,&quot;sizes&quot;:[]},&quot;icon_indent&quot;:{&quot;unit&quot;:&quot;px&quot;,&quot;size&quot;:&quot;&quot;,&quot;sizes&quot;:[]},&quot;icon_indent_tablet&quot;:{&quot;unit&quot;:&quot;px&quot;,&quot;size&quot;:&quot;&quot;,&quot;sizes&quot;:[]},&quot;icon_indent_mobile&quot;:{&quot;unit&quot;:&quot;px&quot;,&quot;size&quot;:&quot;&quot;,&quot;sizes&quot;:[]},&quot;align&quot;:&quot;center&quot;,&quot;padding&quot;:{&quot;unit&quot;:&quot;px&quot;,&quot;top&quot;:&quot;&quot;,&quot;right&quot;:&quot;&quot;,&quot;bottom&quot;:&quot;&quot;,&quot;left&quot;:&quot;&quot;,&quot;isLinked&quot;:true},&quot;padding_tablet&quot;:{&quot;unit&quot;:&quot;px&quot;,&quot;top&quot;:&quot;&quot;,&quot;right&quot;:&quot;&quot;,&quot;bottom&quot;:&quot;&quot;,&quot;left&quot;:&quot;&quot;,&quot;isLinked&quot;:true},&quot;padding_mobile&quot;:{&quot;unit&quot;:&quot;px&quot;,&quot;top&quot;:&quot;&quot;,&quot;right&quot;:&quot;&quot;,&quot;bottom&quot;:&quot;&quot;,&quot;left&quot;:&quot;&quot;,&quot;isLinked&quot;:true},&quot;title_margin_bottom&quot;:{&quot;unit&quot;:&quot;px&quot;,&quot;size&quot;:&quot;&quot;,&quot;sizes&quot;:[]},&quot;title_margin_bottom_tablet&quot;:{&quot;unit&quot;:&quot;px&quot;,&quot;size&quot;:&quot;&quot;,&quot;sizes&quot;:[]},&quot;title_margin_bottom_mobile&quot;:{&quot;unit&quot;:&quot;px&quot;,&quot;size&quot;:&quot;&quot;,&quot;sizes&quot;:[]}}\" data-widget_type=\"uael-marketing-button.default\">\n\t\t\t\t\t\t<div class=\"elementor-widget-container\">\n\t\t\t\t\t\t\t<div class=\"uael-marketing-button elementor-widget-button\">\n\t\t\t<div class=\"uael-button-wrapper\">\n\t\t\t\t<a class=\"elementor-button-link elementor-button elementor-size-md uael-marketing-buttons-left\" href=\"https:\/\/vhost.vn\/lien-he\/\">\n\t\t\t\t\t\t\t\t\t<span class=\"uael_btn__blink\"><\/span>\n\t\t\t\t\t\t\t\t\t\t\t\t\t<span class=\"uael-marketing-buttons-wrap\">\n\t\t\t<span class=\"elementor-button-content-wrapper uael-buttons-icon-left\">\n\t\t\t\t\t\t\t\t\t\n\t\t\t\t<span class=\"elementor-align-icon-left elementor-button-icon\">\n\n\t\t\t\t\t<i aria-hidden=\"true\" class=\"fa fa-arrow-right\"><\/i>\n\t\t\t\t<\/span>\n\t\t\t\t\t\t\t\t\t\t\t\t\t<span class=\"elementor-button-text uael-marketing-button-title elementor-inline-editing\" data-elementor-setting-key=\"text\" data-elementor-inline-editing-toolbar=\"none\">Li\u00ean h\u1ec7<\/span>\n\t\t\t<\/span>\n\t\t\t\t\t\t\t<span class=\"uael-marketing-button-desc elementor-inline-editing\" data-elementor-setting-key=\"desc_text\" data-elementor-inline-editing-toolbar=\"none\">Li\u00ean h\u1ec7 v\u1edbi chuy\u00ean vi\u00ean t\u01b0 v\u1ea5n c\u1ee7a vHost \u0111\u1ec3 \u0111\u01b0\u1ee3c b\u00e1o gi\u00e1 ngay<\/span>\n\t\t\t\t\t<\/span>\n\t\t\t\t\t\t<\/a>\n\t\t\t<\/div>\n\t\t<\/div>\n\t\t\t\t\t\t<\/div>\n\t\t\t\t<\/div>\n\t\t\t\t\t<\/div>\n\t\t<\/div>\n\t\t\t\t\t<\/div>\n\t\t<\/section>\n\t\t\t\t<\/div>\n\t\t","protected":false},"excerpt":{"rendered":"<p>Email Archiving Email Archiving l\u00e0 gi\u1ea3i ph\u00e1p \u0111\u01b0\u1ee3c vHost nghi\u00ean c\u1ee9u v\u00e0 cung c\u1ea5p nh\u1eb1m h\u1ed7 tr\u1ee3 li\u00ean quan \u0111\u1ebfn v\u1ea5n \u0111\u1ec1 ph\u00e1p l\u00fd c\u1ee7a doanh nghi\u1ec7p. Email Archiving gi\u00fap doanh nghi\u1ec7p c\u00f3 th\u1ec3 l\u01b0u tr\u1eef v\u00e0 nhanh ch\u00f3ng t\u00ecm ki\u1ebfm t\u1ea5t c\u1ea3 c\u00e1c email \u0111\u01b0\u1ee3c g\u1eedi v\u00e0o v\u00e0 ra b\u1edfi t\u1ea5t c\u1ea3 ho\u1eb7c b\u1ea5t [&hellip;]<\/p>\n","protected":false},"author":84,"featured_media":0,"parent":0,"menu_order":0,"comment_status":"closed","ping_status":"closed","template":"","meta":{"_uag_custom_page_level_css":"","site-sidebar-layout":"no-sidebar","site-content-layout":"page-builder","ast-site-content-layout":"default","site-content-style":"default","site-sidebar-style":"default","ast-global-header-display":"","ast-banner-title-visibility":"","ast-main-header-display":"","ast-hfb-above-header-display":"","ast-hfb-below-header-display":"","ast-hfb-mobile-header-display":"","site-post-title":"disabled","ast-breadcrumbs-content":"","ast-featured-img":"disabled","footer-sml-layout":"","ast-disable-related-posts":"","theme-transparent-header-meta":"","adv-header-id-meta":"","stick-header-meta":"","header-above-stick-meta":"","header-main-stick-meta":"","header-below-stick-meta":"","astra-migrate-meta-layouts":"set","ast-page-background-enabled":"default","ast-page-background-meta":{"desktop":{"background-color":"","background-image":"","background-repeat":"repeat","background-position":"center center","background-size":"auto","background-attachment":"scroll","background-type":"","background-media":"","overlay-type":"","overlay-color":"","overlay-opacity":"","overlay-gradient":""},"tablet":{"background-color":"","background-image":"","background-repeat":"repeat","background-position":"center center","background-size":"auto","background-attachment":"scroll","background-type":"","background-media":"","overlay-type":"","overlay-color":"","overlay-opacity":"","overlay-gradient":""},"mobile":{"background-color":"","background-image":"","background-repeat":"repeat","background-position":"center center","background-size":"auto","background-attachment":"scroll","background-type":"","background-media":"","overlay-type":"","overlay-color":"","overlay-opacity":"","overlay-gradient":""}},"ast-content-background-meta":{"desktop":{"background-color":"var(--ast-global-color-5)","background-image":"","background-repeat":"repeat","background-position":"center center","background-size":"auto","background-attachment":"scroll","background-type":"","background-media":"","overlay-type":"","overlay-color":"","overlay-opacity":"","overlay-gradient":""},"tablet":{"background-color":"var(--ast-global-color-5)","background-image":"","background-repeat":"repeat","background-position":"center center","background-size":"auto","background-attachment":"scroll","background-type":"","background-media":"","overlay-type":"","overlay-color":"","overlay-opacity":"","overlay-gradient":""},"mobile":{"background-color":"var(--ast-global-color-5)","background-image":"","background-repeat":"repeat","background-position":"center center","background-size":"auto","background-attachment":"scroll","background-type":"","background-media":"","overlay-type":"","overlay-color":"","overlay-opacity":"","overlay-gradient":""}},"footnotes":""},"class_list":["post-45270","page","type-page","status-publish","hentry"],"yoast_head":"<!-- This site is optimized with the Yoast SEO plugin v27.3 - https:\/\/yoast.com\/product\/yoast-seo-wordpress\/ -->\n<title>Email Archiving - vHost<\/title>\n<meta name=\"robots\" content=\"index, follow, max-snippet:-1, max-image-preview:large, max-video-preview:-1\" \/>\n<link rel=\"canonical\" href=\"https:\/\/vhost.vn\/en\/email-archiving\/\" \/>\n<meta property=\"og:locale\" content=\"en_US\" \/>\n<meta property=\"og:type\" content=\"article\" \/>\n<meta property=\"og:title\" content=\"Email Archiving - vHost\" \/>\n<meta property=\"og:description\" content=\"Email Archiving Email Archiving l\u00e0 gi\u1ea3i ph\u00e1p \u0111\u01b0\u1ee3c vHost nghi\u00ean c\u1ee9u v\u00e0 cung c\u1ea5p nh\u1eb1m h\u1ed7 tr\u1ee3 li\u00ean quan \u0111\u1ebfn v\u1ea5n \u0111\u1ec1 ph\u00e1p l\u00fd c\u1ee7a doanh nghi\u1ec7p. Email Archiving gi\u00fap doanh nghi\u1ec7p c\u00f3 th\u1ec3 l\u01b0u tr\u1eef v\u00e0 nhanh ch\u00f3ng t\u00ecm ki\u1ebfm t\u1ea5t c\u1ea3 c\u00e1c email \u0111\u01b0\u1ee3c g\u1eedi v\u00e0o v\u00e0 ra b\u1edfi t\u1ea5t c\u1ea3 ho\u1eb7c b\u1ea5t [&hellip;]\" \/>\n<meta property=\"og:url\" content=\"https:\/\/vhost.vn\/en\/email-archiving\/\" \/>\n<meta property=\"og:site_name\" content=\"vHost\" \/>\n<meta property=\"article:publisher\" content=\"https:\/\/facebook.com\/vhostvn\" \/>\n<meta property=\"article:modified_time\" content=\"2024-04-08T09:17:53+00:00\" \/>\n<meta name=\"twitter:card\" content=\"summary_large_image\" \/>\n<meta name=\"twitter:site\" content=\"@vhostvn\" \/>\n<meta name=\"twitter:label1\" content=\"Est. reading time\" \/>\n\t<meta name=\"twitter:data1\" content=\"2 minutes\" \/>\n<script type=\"application\/ld+json\" class=\"yoast-schema-graph\">{\"@context\":\"https:\\\/\\\/schema.org\",\"@graph\":[{\"@type\":\"WebPage\",\"@id\":\"https:\\\/\\\/vhost.vn\\\/en\\\/email-archiving\\\/\",\"url\":\"https:\\\/\\\/vhost.vn\\\/en\\\/email-archiving\\\/\",\"name\":\"Email Archiving - vHost\",\"isPartOf\":{\"@id\":\"https:\\\/\\\/vhost.vn\\\/#website\"},\"datePublished\":\"2023-07-30T09:48:58+00:00\",\"dateModified\":\"2024-04-08T09:17:53+00:00\",\"breadcrumb\":{\"@id\":\"https:\\\/\\\/vhost.vn\\\/en\\\/email-archiving\\\/#breadcrumb\"},\"inLanguage\":\"en-US\",\"potentialAction\":[{\"@type\":\"ReadAction\",\"target\":[\"https:\\\/\\\/vhost.vn\\\/en\\\/email-archiving\\\/\"]}]},{\"@type\":\"BreadcrumbList\",\"@id\":\"https:\\\/\\\/vhost.vn\\\/en\\\/email-archiving\\\/#breadcrumb\",\"itemListElement\":[{\"@type\":\"ListItem\",\"position\":1,\"name\":\"Trang ch\u1ee7\",\"item\":\"https:\\\/\\\/vhost.vn\\\/en\\\/\"},{\"@type\":\"ListItem\",\"position\":2,\"name\":\"Email Archiving\"}]},{\"@type\":\"WebSite\",\"@id\":\"https:\\\/\\\/vhost.vn\\\/#website\",\"url\":\"https:\\\/\\\/vhost.vn\\\/\",\"name\":\"vHost\",\"description\":\"One-stop Cloud Solution in Vietnam\",\"publisher\":{\"@id\":\"https:\\\/\\\/vhost.vn\\\/#organization\"},\"potentialAction\":[{\"@type\":\"SearchAction\",\"target\":{\"@type\":\"EntryPoint\",\"urlTemplate\":\"https:\\\/\\\/vhost.vn\\\/?s={search_term_string}\"},\"query-input\":{\"@type\":\"PropertyValueSpecification\",\"valueRequired\":true,\"valueName\":\"search_term_string\"}}],\"inLanguage\":\"en-US\"},{\"@type\":\"Organization\",\"@id\":\"https:\\\/\\\/vhost.vn\\\/#organization\",\"name\":\"vHost.vn\",\"url\":\"https:\\\/\\\/vhost.vn\\\/\",\"logo\":{\"@type\":\"ImageObject\",\"inLanguage\":\"en-US\",\"@id\":\"https:\\\/\\\/vhost.vn\\\/#\\\/schema\\\/logo\\\/image\\\/\",\"url\":\"https:\\\/\\\/new.vhost.vn\\\/wp-content\\\/uploads\\\/2014\\\/09\\\/logo-vhost-4years.png\",\"contentUrl\":\"https:\\\/\\\/new.vhost.vn\\\/wp-content\\\/uploads\\\/2014\\\/09\\\/logo-vhost-4years.png\",\"width\":184,\"height\":53,\"caption\":\"vHost.vn\"},\"image\":{\"@id\":\"https:\\\/\\\/vhost.vn\\\/#\\\/schema\\\/logo\\\/image\\\/\"},\"sameAs\":[\"https:\\\/\\\/facebook.com\\\/vhostvn\",\"https:\\\/\\\/x.com\\\/vhostvn\",\"https:\\\/\\\/www.youtube.com\\\/channel\\\/UCBtow0O80vxUvVJMG6Y_IqQ\"]}]}<\/script>\n<!-- \/ Yoast SEO plugin. -->","yoast_head_json":{"title":"Email Archiving - vHost","robots":{"index":"index","follow":"follow","max-snippet":"max-snippet:-1","max-image-preview":"max-image-preview:large","max-video-preview":"max-video-preview:-1"},"canonical":"https:\/\/vhost.vn\/en\/email-archiving\/","og_locale":"en_US","og_type":"article","og_title":"Email Archiving - vHost","og_description":"Email Archiving Email Archiving l\u00e0 gi\u1ea3i ph\u00e1p \u0111\u01b0\u1ee3c vHost nghi\u00ean c\u1ee9u v\u00e0 cung c\u1ea5p nh\u1eb1m h\u1ed7 tr\u1ee3 li\u00ean quan \u0111\u1ebfn v\u1ea5n \u0111\u1ec1 ph\u00e1p l\u00fd c\u1ee7a doanh nghi\u1ec7p. Email Archiving gi\u00fap doanh nghi\u1ec7p c\u00f3 th\u1ec3 l\u01b0u tr\u1eef v\u00e0 nhanh ch\u00f3ng t\u00ecm ki\u1ebfm t\u1ea5t c\u1ea3 c\u00e1c email \u0111\u01b0\u1ee3c g\u1eedi v\u00e0o v\u00e0 ra b\u1edfi t\u1ea5t c\u1ea3 ho\u1eb7c b\u1ea5t [&hellip;]","og_url":"https:\/\/vhost.vn\/en\/email-archiving\/","og_site_name":"vHost","article_publisher":"https:\/\/facebook.com\/vhostvn","article_modified_time":"2024-04-08T09:17:53+00:00","twitter_card":"summary_large_image","twitter_site":"@vhostvn","twitter_misc":{"Est. reading time":"2 minutes"},"schema":{"@context":"https:\/\/schema.org","@graph":[{"@type":"WebPage","@id":"https:\/\/vhost.vn\/en\/email-archiving\/","url":"https:\/\/vhost.vn\/en\/email-archiving\/","name":"Email Archiving - vHost","isPartOf":{"@id":"https:\/\/vhost.vn\/#website"},"datePublished":"2023-07-30T09:48:58+00:00","dateModified":"2024-04-08T09:17:53+00:00","breadcrumb":{"@id":"https:\/\/vhost.vn\/en\/email-archiving\/#breadcrumb"},"inLanguage":"en-US","potentialAction":[{"@type":"ReadAction","target":["https:\/\/vhost.vn\/en\/email-archiving\/"]}]},{"@type":"BreadcrumbList","@id":"https:\/\/vhost.vn\/en\/email-archiving\/#breadcrumb","itemListElement":[{"@type":"ListItem","position":1,"name":"Trang ch\u1ee7","item":"https:\/\/vhost.vn\/en\/"},{"@type":"ListItem","position":2,"name":"Email Archiving"}]},{"@type":"WebSite","@id":"https:\/\/vhost.vn\/#website","url":"https:\/\/vhost.vn\/","name":"vHost","description":"One-stop Cloud Solution in Vietnam","publisher":{"@id":"https:\/\/vhost.vn\/#organization"},"potentialAction":[{"@type":"SearchAction","target":{"@type":"EntryPoint","urlTemplate":"https:\/\/vhost.vn\/?s={search_term_string}"},"query-input":{"@type":"PropertyValueSpecification","valueRequired":true,"valueName":"search_term_string"}}],"inLanguage":"en-US"},{"@type":"Organization","@id":"https:\/\/vhost.vn\/#organization","name":"vHost.vn","url":"https:\/\/vhost.vn\/","logo":{"@type":"ImageObject","inLanguage":"en-US","@id":"https:\/\/vhost.vn\/#\/schema\/logo\/image\/","url":"https:\/\/new.vhost.vn\/wp-content\/uploads\/2014\/09\/logo-vhost-4years.png","contentUrl":"https:\/\/new.vhost.vn\/wp-content\/uploads\/2014\/09\/logo-vhost-4years.png","width":184,"height":53,"caption":"vHost.vn"},"image":{"@id":"https:\/\/vhost.vn\/#\/schema\/logo\/image\/"},"sameAs":["https:\/\/facebook.com\/vhostvn","https:\/\/x.com\/vhostvn","https:\/\/www.youtube.com\/channel\/UCBtow0O80vxUvVJMG6Y_IqQ"]}]}},"uagb_featured_image_src":{"full":false,"thumbnail":false,"medium":false,"medium_large":false,"large":false,"1536x1536":false,"2048x2048":false},"uagb_author_info":{"display_name":"Le Thuong","author_link":"https:\/\/vhost.vn\/en\/author\/thuonglthvhost-vn\/"},"uagb_comment_info":0,"uagb_excerpt":"Email Archiving Email Archiving l\u00e0 gi\u1ea3i ph\u00e1p \u0111\u01b0\u1ee3c vHost nghi\u00ean c\u1ee9u v\u00e0 cung c\u1ea5p nh\u1eb1m h\u1ed7 tr\u1ee3 li\u00ean quan \u0111\u1ebfn v\u1ea5n \u0111\u1ec1 ph\u00e1p l\u00fd c\u1ee7a doanh nghi\u1ec7p. Email Archiving gi\u00fap doanh nghi\u1ec7p c\u00f3 th\u1ec3 l\u01b0u tr\u1eef v\u00e0 nhanh ch\u00f3ng t\u00ecm ki\u1ebfm t\u1ea5t c\u1ea3 c\u00e1c email \u0111\u01b0\u1ee3c g\u1eedi v\u00e0o v\u00e0 ra b\u1edfi t\u1ea5t c\u1ea3 ho\u1eb7c b\u1ea5t&hellip;","_links":{"self":[{"href":"https:\/\/vhost.vn\/en\/wp-json\/wp\/v2\/pages\/45270","targetHints":{"allow":["GET"]}}],"collection":[{"href":"https:\/\/vhost.vn\/en\/wp-json\/wp\/v2\/pages"}],"about":[{"href":"https:\/\/vhost.vn\/en\/wp-json\/wp\/v2\/types\/page"}],"author":[{"embeddable":true,"href":"https:\/\/vhost.vn\/en\/wp-json\/wp\/v2\/users\/84"}],"replies":[{"embeddable":true,"href":"https:\/\/vhost.vn\/en\/wp-json\/wp\/v2\/comments?post=45270"}],"version-history":[{"count":4,"href":"https:\/\/vhost.vn\/en\/wp-json\/wp\/v2\/pages\/45270\/revisions"}],"predecessor-version":[{"id":45297,"href":"https:\/\/vhost.vn\/en\/wp-json\/wp\/v2\/pages\/45270\/revisions\/45297"}],"wp:attachment":[{"href":"https:\/\/vhost.vn\/en\/wp-json\/wp\/v2\/media?parent=45270"}],"curies":[{"name":"wp","href":"https:\/\/api.w.org\/{rel}","templated":true}]}}